{"id":793,"date":"2016-05-20T16:20:47","date_gmt":"2016-05-20T14:20:47","guid":{"rendered":"http:\/\/www.justsardinia.it\/?page_id=793"},"modified":"2020-07-31T18:42:01","modified_gmt":"2020-07-31T16:42:01","slug":"location-de-voiture","status":"publish","type":"page","link":"http:\/\/taxisantateresagallura.com\/index.php\/fr\/location-de-voiture\/","title":{"rendered":"Location de voiture"},"content":{"rendered":"<h3>Location de voiture pour toute n\u00e9cessit\u00e9<\/h3>\n<p style=\"text-align: justify;\">Nous vous proposons plusieurs solutions de location de voiture soit en kilom\u00e9trage limit\u00e9 ou illimit\u00e9. Nos offres sont tr\u00e8s avantageuses pour le client qui d\u00e9sire avoir une voiture toujours \u00e0 disposition, une remise de 40% est pr\u00e9vue pour qui loue un v\u00e9hicule pour plus de 4 jours.<\/p>\n<p style=\"text-align: justify;\">Comme service suppl\u00e9mentaire, nous pouvons vous fournir la voiture directement \u00e0 l\u2019a\u00e9roport de Olbia, au port de Palau, Santa Teresa Gallura, Golfo Aranci et vers les h\u00f4tels. Un grand choix de voitures est \u00e0 votre disposition, n\u2019h\u00e9sitez pas \u00e0 nous demander un devis, une r\u00e9ponse vous sera donn\u00e9e dans les plus brefs d\u00e9lais<\/p>\n<p style=\"text-align: justify;\">Marque de voiture propos\u00e9e:<\/p>\n<p><span style=\"border-radius: 2px; text-indent: 20px; width: auto; padding: 0px 4px 0px 0px; text-align: center; font: bold 11px\/20px 'Helvetica Neue',Helvetica,sans-serif; color: #ffffff; background: #bd081c no-repeat scroll 3px 50% \/ 14px 14px; position: absolute; opacity: 1; z-index: 8675309; display: none; cursor: pointer;\">Salva<\/span><\/p>\n\n\n<figure class=\"wp-block-gallery columns-3 is-cropped\"><ul class=\"blocks-gallery-grid\"><li class=\"blocks-gallery-item\"><figure><a href=\"http:\/\/www.justsardinia.it\/wp-content\/uploads\/2016\/03\/noleggio01.jpg\" data-rel=\"lightbox-image-0\" data-rl_title=\"\" data-rl_caption=\"\" title=\"\"><img loading=\"lazy\" width=\"500\" height=\"500\" src=\"http:\/\/www.justsardinia.it\/wp-content\/uploads\/2016\/03\/noleggio01.jpg\" alt=\"\" data-id=\"349\" data-full-url=\"http:\/\/www.justsardinia.it\/wp-content\/uploads\/2016\/03\/noleggio01.jpg\" data-link=\"http:\/\/www.justsardinia.it\/noleggio01\/\" class=\"wp-image-349\" srcset=\"http:\/\/taxisantateresagallura.com\/wp-content\/uploads\/2016\/03\/noleggio01.jpg 500w, http:\/\/taxisantateresagallura.com\/wp-content\/uploads\/2016\/03\/noleggio01-150x150.jpg 150w, http:\/\/taxisantateresagallura.com\/wp-content\/uploads\/2016\/03\/noleggio01-300x300.jpg 300w\" sizes=\"(max-width: 500px) 100vw, 500px\" \/><\/a><figcaption class=\"blocks-gallery-item__caption\">Fiat Panda<\/figcaption><\/figure><\/li><li class=\"blocks-gallery-item\"><figure><a href=\"http:\/\/www.justsardinia.it\/wp-content\/uploads\/2016\/03\/noleggio02.jpg\" data-rel=\"lightbox-image-1\" data-rl_title=\"\" data-rl_caption=\"\" title=\"\"><img loading=\"lazy\" width=\"500\" height=\"500\" src=\"http:\/\/www.justsardinia.it\/wp-content\/uploads\/2016\/03\/noleggio02.jpg\" alt=\"\" data-id=\"350\" data-full-url=\"http:\/\/www.justsardinia.it\/wp-content\/uploads\/2016\/03\/noleggio02.jpg\" data-link=\"http:\/\/www.justsardinia.it\/index.php\/it\/autonoleggio\/noleggio02\/\" class=\"wp-image-350\" srcset=\"http:\/\/taxisantateresagallura.com\/wp-content\/uploads\/2016\/03\/noleggio02.jpg 500w, http:\/\/taxisantateresagallura.com\/wp-content\/uploads\/2016\/03\/noleggio02-150x150.jpg 150w, http:\/\/taxisantateresagallura.com\/wp-content\/uploads\/2016\/03\/noleggio02-300x300.jpg 300w\" sizes=\"(max-width: 500px) 100vw, 500px\" \/><\/a><figcaption class=\"blocks-gallery-item__caption\">Lancia Y<\/figcaption><\/figure><\/li><li class=\"blocks-gallery-item\"><figure><a href=\"http:\/\/www.justsardinia.it\/wp-content\/uploads\/2020\/07\/Fiat-500.jpg\" data-rel=\"lightbox-image-2\" data-rl_title=\"\" data-rl_caption=\"\" title=\"\"><img loading=\"lazy\" width=\"500\" height=\"500\" src=\"http:\/\/www.justsardinia.it\/wp-content\/uploads\/2020\/07\/Fiat-500.jpg\" alt=\"\" data-id=\"2136\" data-full-url=\"http:\/\/www.justsardinia.it\/wp-content\/uploads\/2020\/07\/Fiat-500.jpg\" data-link=\"http:\/\/www.justsardinia.it\/index.php\/it\/autonoleggio\/fiat-500\/\" class=\"wp-image-2136\" srcset=\"http:\/\/taxisantateresagallura.com\/wp-content\/uploads\/2020\/07\/Fiat-500.jpg 500w, http:\/\/taxisantateresagallura.com\/wp-content\/uploads\/2020\/07\/Fiat-500-300x300.jpg 300w, http:\/\/taxisantateresagallura.com\/wp-content\/uploads\/2020\/07\/Fiat-500-150x150.jpg 150w, http:\/\/taxisantateresagallura.com\/wp-content\/uploads\/2020\/07\/Fiat-500-80x80.jpg 80w\" sizes=\"(max-width: 500px) 100vw, 500px\" \/><\/a><figcaption class=\"blocks-gallery-item__caption\">Fiat 500<\/figcaption><\/figure><\/li><li class=\"blocks-gallery-item\"><figure><a href=\"http:\/\/www.justsardinia.it\/wp-content\/uploads\/2020\/07\/Fiat-500L.jpg\" data-rel=\"lightbox-image-3\" data-rl_title=\"\" data-rl_caption=\"\" title=\"\"><img loading=\"lazy\" width=\"500\" height=\"500\" src=\"http:\/\/www.justsardinia.it\/wp-content\/uploads\/2020\/07\/Fiat-500L.jpg\" alt=\"\" data-id=\"2137\" data-full-url=\"http:\/\/www.justsardinia.it\/wp-content\/uploads\/2020\/07\/Fiat-500L.jpg\" data-link=\"http:\/\/www.justsardinia.it\/index.php\/it\/autonoleggio\/fiat-500l\/\" class=\"wp-image-2137\" srcset=\"http:\/\/taxisantateresagallura.com\/wp-content\/uploads\/2020\/07\/Fiat-500L.jpg 500w, http:\/\/taxisantateresagallura.com\/wp-content\/uploads\/2020\/07\/Fiat-500L-300x300.jpg 300w, http:\/\/taxisantateresagallura.com\/wp-content\/uploads\/2020\/07\/Fiat-500L-150x150.jpg 150w, http:\/\/taxisantateresagallura.com\/wp-content\/uploads\/2020\/07\/Fiat-500L-80x80.jpg 80w\" sizes=\"(max-width: 500px) 100vw, 500px\" \/><\/a><figcaption class=\"blocks-gallery-item__caption\">Fiat 500L<\/figcaption><\/figure><\/li><li class=\"blocks-gallery-item\"><figure><a href=\"http:\/\/www.justsardinia.it\/wp-content\/uploads\/2016\/03\/noleggio11-1.jpg\" data-rel=\"lightbox-image-4\" data-rl_title=\"\" data-rl_caption=\"\" title=\"\"><img loading=\"lazy\" width=\"500\" height=\"500\" src=\"http:\/\/www.justsardinia.it\/wp-content\/uploads\/2016\/03\/noleggio11-1.jpg\" alt=\"\" data-id=\"395\" data-full-url=\"http:\/\/www.justsardinia.it\/wp-content\/uploads\/2016\/03\/noleggio11-1.jpg\" data-link=\"http:\/\/www.justsardinia.it\/noleggio11-2\/\" class=\"wp-image-395\" srcset=\"http:\/\/taxisantateresagallura.com\/wp-content\/uploads\/2016\/03\/noleggio11-1.jpg 500w, http:\/\/taxisantateresagallura.com\/wp-content\/uploads\/2016\/03\/noleggio11-1-150x150.jpg 150w, http:\/\/taxisantateresagallura.com\/wp-content\/uploads\/2016\/03\/noleggio11-1-300x300.jpg 300w\" sizes=\"(max-width: 500px) 100vw, 500px\" \/><\/a><figcaption class=\"blocks-gallery-item__caption\">Fiat Tipo<\/figcaption><\/figure><\/li><li class=\"blocks-gallery-item\"><figure><a href=\"http:\/\/www.justsardinia.it\/wp-content\/uploads\/2020\/07\/renault-Gran-Scenic.jpg\" data-rel=\"lightbox-image-5\" data-rl_title=\"\" data-rl_caption=\"\" title=\"\"><img loading=\"lazy\" width=\"500\" height=\"500\" src=\"http:\/\/www.justsardinia.it\/wp-content\/uploads\/2020\/07\/renault-Gran-Scenic.jpg\" alt=\"\" data-id=\"2135\" data-full-url=\"http:\/\/www.justsardinia.it\/wp-content\/uploads\/2020\/07\/renault-Gran-Scenic.jpg\" data-link=\"http:\/\/www.justsardinia.it\/index.php\/it\/autonoleggio\/renault-gran-scenic\/\" class=\"wp-image-2135\" srcset=\"http:\/\/taxisantateresagallura.com\/wp-content\/uploads\/2020\/07\/renault-Gran-Scenic.jpg 500w, http:\/\/taxisantateresagallura.com\/wp-content\/uploads\/2020\/07\/renault-Gran-Scenic-300x300.jpg 300w, http:\/\/taxisantateresagallura.com\/wp-content\/uploads\/2020\/07\/renault-Gran-Scenic-150x150.jpg 150w, http:\/\/taxisantateresagallura.com\/wp-content\/uploads\/2020\/07\/renault-Gran-Scenic-80x80.jpg 80w\" sizes=\"(max-width: 500px) 100vw, 500px\" \/><\/a><figcaption class=\"blocks-gallery-item__caption\">Renault Gran Scenic<\/figcaption><\/figure><\/li><li class=\"blocks-gallery-item\"><figure><a href=\"http:\/\/www.justsardinia.it\/wp-content\/uploads\/2020\/07\/Jeep-Renegade.jpg\" data-rel=\"lightbox-image-6\" data-rl_title=\"\" data-rl_caption=\"\" title=\"\"><img loading=\"lazy\" width=\"500\" height=\"500\" src=\"http:\/\/www.justsardinia.it\/wp-content\/uploads\/2020\/07\/Jeep-Renegade.jpg\" alt=\"\" data-id=\"2138\" data-full-url=\"http:\/\/www.justsardinia.it\/wp-content\/uploads\/2020\/07\/Jeep-Renegade.jpg\" data-link=\"http:\/\/www.justsardinia.it\/index.php\/it\/autonoleggio\/jeep-renegade\/\" class=\"wp-image-2138\" srcset=\"http:\/\/taxisantateresagallura.com\/wp-content\/uploads\/2020\/07\/Jeep-Renegade.jpg 500w, http:\/\/taxisantateresagallura.com\/wp-content\/uploads\/2020\/07\/Jeep-Renegade-300x300.jpg 300w, http:\/\/taxisantateresagallura.com\/wp-content\/uploads\/2020\/07\/Jeep-Renegade-150x150.jpg 150w, http:\/\/taxisantateresagallura.com\/wp-content\/uploads\/2020\/07\/Jeep-Renegade-80x80.jpg 80w\" sizes=\"(max-width: 500px) 100vw, 500px\" \/><\/a><figcaption class=\"blocks-gallery-item__caption\">Jeep renegade<\/figcaption><\/figure><\/li><li class=\"blocks-gallery-item\"><figure><a href=\"http:\/\/www.justsardinia.it\/wp-content\/uploads\/2016\/03\/noleggio08.jpg\" data-rel=\"lightbox-image-7\" data-rl_title=\"\" data-rl_caption=\"\" title=\"\"><img loading=\"lazy\" width=\"500\" height=\"500\" src=\"http:\/\/www.justsardinia.it\/wp-content\/uploads\/2016\/03\/noleggio08.jpg\" alt=\"\" data-id=\"356\" data-full-url=\"http:\/\/www.justsardinia.it\/wp-content\/uploads\/2016\/03\/noleggio08.jpg\" data-link=\"http:\/\/www.justsardinia.it\/noleggio08\/\" class=\"wp-image-356\" srcset=\"http:\/\/taxisantateresagallura.com\/wp-content\/uploads\/2016\/03\/noleggio08.jpg 500w, http:\/\/taxisantateresagallura.com\/wp-content\/uploads\/2016\/03\/noleggio08-150x150.jpg 150w, http:\/\/taxisantateresagallura.com\/wp-content\/uploads\/2016\/03\/noleggio08-300x300.jpg 300w\" sizes=\"(max-width: 500px) 100vw, 500px\" \/><\/a><figcaption class=\"blocks-gallery-item__caption\">Nissan Pathfinder<\/figcaption><\/figure><\/li><li class=\"blocks-gallery-item\"><figure><a href=\"http:\/\/www.justsardinia.it\/wp-content\/uploads\/2020\/07\/noleggio12.jpg\" data-rel=\"lightbox-image-8\" data-rl_title=\"\" data-rl_caption=\"\" title=\"\"><img loading=\"lazy\" width=\"500\" height=\"500\" src=\"http:\/\/www.justsardinia.it\/wp-content\/uploads\/2020\/07\/noleggio12.jpg\" alt=\"\" data-id=\"2134\" data-full-url=\"http:\/\/www.justsardinia.it\/wp-content\/uploads\/2020\/07\/noleggio12.jpg\" data-link=\"http:\/\/www.justsardinia.it\/index.php\/it\/autonoleggio\/noleggio12-2\/\" class=\"wp-image-2134\" srcset=\"http:\/\/taxisantateresagallura.com\/wp-content\/uploads\/2020\/07\/noleggio12.jpg 500w, http:\/\/taxisantateresagallura.com\/wp-content\/uploads\/2020\/07\/noleggio12-300x300.jpg 300w, http:\/\/taxisantateresagallura.com\/wp-content\/uploads\/2020\/07\/noleggio12-150x150.jpg 150w, http:\/\/taxisantateresagallura.com\/wp-content\/uploads\/2020\/07\/noleggio12-80x80.jpg 80w\" sizes=\"(max-width: 500px) 100vw, 500px\" \/><\/a><figcaption class=\"blocks-gallery-item__caption\">Mercedes Class S<\/figcaption><\/figure><\/li><li class=\"blocks-gallery-item\"><figure><a href=\"http:\/\/www.justsardinia.it\/wp-content\/uploads\/2020\/07\/Opel-Vivaro-Nol.jpg\" data-rel=\"lightbox-image-9\" data-rl_title=\"\" data-rl_caption=\"\" title=\"\"><img loading=\"lazy\" width=\"500\" height=\"500\" src=\"http:\/\/www.justsardinia.it\/wp-content\/uploads\/2020\/07\/Opel-Vivaro-Nol.jpg\" alt=\"\" data-id=\"2152\" data-full-url=\"http:\/\/www.justsardinia.it\/wp-content\/uploads\/2020\/07\/Opel-Vivaro-Nol.jpg\" data-link=\"http:\/\/www.justsardinia.it\/index.php\/it\/autonoleggio\/opel-vivaro-nol\/\" class=\"wp-image-2152\" srcset=\"http:\/\/taxisantateresagallura.com\/wp-content\/uploads\/2020\/07\/Opel-Vivaro-Nol.jpg 500w, http:\/\/taxisantateresagallura.com\/wp-content\/uploads\/2020\/07\/Opel-Vivaro-Nol-300x300.jpg 300w, http:\/\/taxisantateresagallura.com\/wp-content\/uploads\/2020\/07\/Opel-Vivaro-Nol-150x150.jpg 150w, http:\/\/taxisantateresagallura.com\/wp-content\/uploads\/2020\/07\/Opel-Vivaro-Nol-80x80.jpg 80w\" sizes=\"(max-width: 500px) 100vw, 500px\" \/><\/a><figcaption class=\"blocks-gallery-item__caption\">Opel Vivaro<\/figcaption><\/figure><\/li><li class=\"blocks-gallery-item\"><figure><a href=\"http:\/\/www.justsardinia.it\/wp-content\/uploads\/2020\/07\/Mercedes-V-Nol.jpg\" data-rel=\"lightbox-image-10\" data-rl_title=\"\" data-rl_caption=\"\" title=\"\"><img loading=\"lazy\" width=\"500\" height=\"500\" src=\"http:\/\/www.justsardinia.it\/wp-content\/uploads\/2020\/07\/Mercedes-V-Nol.jpg\" alt=\"\" data-id=\"2139\" data-full-url=\"http:\/\/www.justsardinia.it\/wp-content\/uploads\/2020\/07\/Mercedes-V-Nol.jpg\" data-link=\"http:\/\/www.justsardinia.it\/index.php\/it\/autonoleggio\/mercedes-v-nol\/\" class=\"wp-image-2139\" srcset=\"http:\/\/taxisantateresagallura.com\/wp-content\/uploads\/2020\/07\/Mercedes-V-Nol.jpg 500w, http:\/\/taxisantateresagallura.com\/wp-content\/uploads\/2020\/07\/Mercedes-V-Nol-300x300.jpg 300w, http:\/\/taxisantateresagallura.com\/wp-content\/uploads\/2020\/07\/Mercedes-V-Nol-150x150.jpg 150w, http:\/\/taxisantateresagallura.com\/wp-content\/uploads\/2020\/07\/Mercedes-V-Nol-80x80.jpg 80w\" sizes=\"(max-width: 500px) 100vw, 500px\" \/><\/a><figcaption class=\"blocks-gallery-item__caption\">Mercedes Class V<\/figcaption><\/figure><\/li><\/ul><\/figure>\n","protected":false},"excerpt":{"rendered":"<p>Location de voiture pour toute n\u00e9cessit\u00e9 Nous vous proposons plusieurs solutions de location de voiture soit en kilom\u00e9trage limit\u00e9 ou illimit\u00e9. Nos offres sont tr\u00e8s avantageuses pour le client qui d\u00e9sire avoir une voiture toujours \u00e0 disposition, une remise de 40% est pr\u00e9vue pour qui loue un v\u00e9hicule pour plus [&hellip;]<\/p>\n","protected":false},"author":118,"featured_media":226,"parent":0,"menu_order":40,"comment_status":"closed","ping_status":"closed","template":"","meta":[],"yoast_head":"<!-- This site is optimized with the Yoast SEO plugin v17.0 - https:\/\/yoast.com\/wordpress\/plugins\/seo\/ -->\r\n<title>Location de voiture - Just Sardinia<\/title>\r\n<meta name=\"robots\" content=\"index, follow, max-snippet:-1, max-image-preview:large, max-video-preview:-1\" \/>\r\n<link rel=\"canonical\" href=\"http:\/\/www.taxisardegna.net\/index.php\/fr\/location-de-voiture\/\" \/>\r\n<meta property=\"og:locale\" content=\"it_IT\" \/>\r\n<meta property=\"og:type\" content=\"article\" \/>\r\n<meta property=\"og:title\" content=\"Location de voiture - Just Sardinia\" \/>\r\n<meta property=\"og:description\" content=\"Location de voiture pour toute n\u00e9cessit\u00e9 Nous vous proposons plusieurs solutions de location de voiture soit en kilom\u00e9trage limit\u00e9 ou illimit\u00e9. Nos offres sont tr\u00e8s avantageuses pour le client qui d\u00e9sire avoir une voiture toujours \u00e0 disposition, une remise de 40% est pr\u00e9vue pour qui loue un v\u00e9hicule pour plus [&hellip;]\" \/>\r\n<meta property=\"og:url\" content=\"http:\/\/www.taxisardegna.net\/index.php\/fr\/location-de-voiture\/\" \/>\r\n<meta property=\"og:site_name\" content=\"Just Sardinia\" \/>\r\n<meta property=\"article:modified_time\" content=\"2020-07-31T16:42:01+00:00\" \/>\r\n<meta property=\"og:image\" content=\"http:\/\/taxisantateresagallura.com\/wp-content\/uploads\/2015\/12\/autonoleggio.jpg\" \/>\r\n\t<meta property=\"og:image:width\" content=\"1024\" \/>\r\n\t<meta property=\"og:image:height\" content=\"160\" \/>\r\n<meta name=\"twitter:card\" content=\"summary_large_image\" \/>\r\n<meta name=\"twitter:label1\" content=\"Tempo di lettura stimato\" \/>\n\t<meta name=\"twitter:data1\" content=\"1 minuto\" \/>\r\n<script type=\"application\/ld+json\" class=\"yoast-schema-graph\">{\"@context\":\"https:\/\/schema.org\",\"@graph\":[{\"@type\":\"WebSite\",\"@id\":\"http:\/\/ncc-taxisantateresagallura.it\/index.php\/ru\/#website\",\"url\":\"http:\/\/ncc-taxisantateresagallura.it\/index.php\/ru\/\",\"name\":\"Just Sardinia\",\"description\":\"...the best way to travel\",\"potentialAction\":[{\"@type\":\"SearchAction\",\"target\":{\"@type\":\"EntryPoint\",\"urlTemplate\":\"http:\/\/ncc-taxisantateresagallura.it\/index.php\/ru\/?s={search_term_string}\"},\"query-input\":\"required name=search_term_string\"}],\"inLanguage\":\"it-IT\"},{\"@type\":\"ImageObject\",\"@id\":\"http:\/\/www.taxisardegna.net\/index.php\/fr\/location-de-voiture\/#primaryimage\",\"inLanguage\":\"it-IT\",\"url\":\"http:\/\/taxisantateresagallura.com\/wp-content\/uploads\/2015\/12\/autonoleggio.jpg\",\"contentUrl\":\"http:\/\/taxisantateresagallura.com\/wp-content\/uploads\/2015\/12\/autonoleggio.jpg\",\"width\":1024,\"height\":160},{\"@type\":\"WebPage\",\"@id\":\"http:\/\/www.taxisardegna.net\/index.php\/fr\/location-de-voiture\/#webpage\",\"url\":\"http:\/\/www.taxisardegna.net\/index.php\/fr\/location-de-voiture\/\",\"name\":\"Location de voiture - Just Sardinia\",\"isPartOf\":{\"@id\":\"http:\/\/ncc-taxisantateresagallura.it\/index.php\/ru\/#website\"},\"primaryImageOfPage\":{\"@id\":\"http:\/\/www.taxisardegna.net\/index.php\/fr\/location-de-voiture\/#primaryimage\"},\"datePublished\":\"2016-05-20T14:20:47+00:00\",\"dateModified\":\"2020-07-31T16:42:01+00:00\",\"breadcrumb\":{\"@id\":\"http:\/\/www.taxisardegna.net\/index.php\/fr\/location-de-voiture\/#breadcrumb\"},\"inLanguage\":\"it-IT\",\"potentialAction\":[{\"@type\":\"ReadAction\",\"target\":[\"http:\/\/www.taxisardegna.net\/index.php\/fr\/location-de-voiture\/\"]}]},{\"@type\":\"BreadcrumbList\",\"@id\":\"http:\/\/www.taxisardegna.net\/index.php\/fr\/location-de-voiture\/#breadcrumb\",\"itemListElement\":[{\"@type\":\"ListItem\",\"position\":1,\"name\":\"Home\",\"item\":\"http:\/\/ncc-taxisantateresagallura.it\/index.php\/ru\/\"},{\"@type\":\"ListItem\",\"position\":2,\"name\":\"Location de voiture\"}]}]}<\/script>\r\n<!-- \/ Yoast SEO plugin. -->","yoast_head_json":{"title":"Location de voiture - Just Sardinia","robots":{"index":"index","follow":"follow","max-snippet":"max-snippet:-1","max-image-preview":"max-image-preview:large","max-video-preview":"max-video-preview:-1"},"canonical":"http:\/\/www.taxisardegna.net\/index.php\/fr\/location-de-voiture\/","og_locale":"it_IT","og_type":"article","og_title":"Location de voiture - Just Sardinia","og_description":"Location de voiture pour toute n\u00e9cessit\u00e9 Nous vous proposons plusieurs solutions de location de voiture soit en kilom\u00e9trage limit\u00e9 ou illimit\u00e9. Nos offres sont tr\u00e8s avantageuses pour le client qui d\u00e9sire avoir une voiture toujours \u00e0 disposition, une remise de 40% est pr\u00e9vue pour qui loue un v\u00e9hicule pour plus [&hellip;]","og_url":"http:\/\/www.taxisardegna.net\/index.php\/fr\/location-de-voiture\/","og_site_name":"Just Sardinia","article_modified_time":"2020-07-31T16:42:01+00:00","og_image":[{"width":1024,"height":160,"url":"http:\/\/taxisantateresagallura.com\/wp-content\/uploads\/2015\/12\/autonoleggio.jpg","path":"C:\\inetpub\\wwwroot\\WP_justsardinia\/wp-content\/uploads\/2015\/12\/autonoleggio.jpg","size":"full","id":226,"alt":"","pixels":163840,"type":"image\/jpeg"}],"twitter_card":"summary_large_image","twitter_misc":{"Tempo di lettura stimato":"1 minuto"},"schema":{"@context":"https:\/\/schema.org","@graph":[{"@type":"WebSite","@id":"http:\/\/ncc-taxisantateresagallura.it\/index.php\/ru\/#website","url":"http:\/\/ncc-taxisantateresagallura.it\/index.php\/ru\/","name":"Just Sardinia","description":"...the best way to travel","potentialAction":[{"@type":"SearchAction","target":{"@type":"EntryPoint","urlTemplate":"http:\/\/ncc-taxisantateresagallura.it\/index.php\/ru\/?s={search_term_string}"},"query-input":"required name=search_term_string"}],"inLanguage":"it-IT"},{"@type":"ImageObject","@id":"http:\/\/www.taxisardegna.net\/index.php\/fr\/location-de-voiture\/#primaryimage","inLanguage":"it-IT","url":"http:\/\/taxisantateresagallura.com\/wp-content\/uploads\/2015\/12\/autonoleggio.jpg","contentUrl":"http:\/\/taxisantateresagallura.com\/wp-content\/uploads\/2015\/12\/autonoleggio.jpg","width":1024,"height":160},{"@type":"WebPage","@id":"http:\/\/www.taxisardegna.net\/index.php\/fr\/location-de-voiture\/#webpage","url":"http:\/\/www.taxisardegna.net\/index.php\/fr\/location-de-voiture\/","name":"Location de voiture - Just Sardinia","isPartOf":{"@id":"http:\/\/ncc-taxisantateresagallura.it\/index.php\/ru\/#website"},"primaryImageOfPage":{"@id":"http:\/\/www.taxisardegna.net\/index.php\/fr\/location-de-voiture\/#primaryimage"},"datePublished":"2016-05-20T14:20:47+00:00","dateModified":"2020-07-31T16:42:01+00:00","breadcrumb":{"@id":"http:\/\/www.taxisardegna.net\/index.php\/fr\/location-de-voiture\/#breadcrumb"},"inLanguage":"it-IT","potentialAction":[{"@type":"ReadAction","target":["http:\/\/www.taxisardegna.net\/index.php\/fr\/location-de-voiture\/"]}]},{"@type":"BreadcrumbList","@id":"http:\/\/www.taxisardegna.net\/index.php\/fr\/location-de-voiture\/#breadcrumb","itemListElement":[{"@type":"ListItem","position":1,"name":"Home","item":"http:\/\/ncc-taxisantateresagallura.it\/index.php\/ru\/"},{"@type":"ListItem","position":2,"name":"Location de voiture"}]}]}},"_links":{"self":[{"href":"http:\/\/taxisantateresagallura.com\/index.php\/wp-json\/wp\/v2\/pages\/793"}],"collection":[{"href":"http:\/\/taxisantateresagallura.com\/index.php\/wp-json\/wp\/v2\/pages"}],"about":[{"href":"http:\/\/taxisantateresagallura.com\/index.php\/wp-json\/wp\/v2\/types\/page"}],"author":[{"embeddable":true,"href":"http:\/\/taxisantateresagallura.com\/index.php\/wp-json\/wp\/v2\/users\/118"}],"replies":[{"embeddable":true,"href":"http:\/\/taxisantateresagallura.com\/index.php\/wp-json\/wp\/v2\/comments?post=793"}],"version-history":[{"count":6,"href":"http:\/\/taxisantateresagallura.com\/index.php\/wp-json\/wp\/v2\/pages\/793\/revisions"}],"predecessor-version":[{"id":2337,"href":"http:\/\/taxisantateresagallura.com\/index.php\/wp-json\/wp\/v2\/pages\/793\/revisions\/2337"}],"wp:featuredmedia":[{"embeddable":true,"href":"http:\/\/taxisantateresagallura.com\/index.php\/wp-json\/wp\/v2\/media\/226"}],"wp:attachment":[{"href":"http:\/\/taxisantateresagallura.com\/index.php\/wp-json\/wp\/v2\/media?parent=793"}],"curies":[{"name":"wp","href":"https:\/\/api.w.org\/{rel}","templated":true}]}}