{"id":810,"date":"2016-05-20T16:40:11","date_gmt":"2016-05-20T14:40:11","guid":{"rendered":"http:\/\/www.justsardinia.it\/?page_id=810"},"modified":"2016-06-27T11:02:57","modified_gmt":"2016-06-27T09:02:57","slug":"location-de-vehicule-pour-les-ceremonies","status":"publish","type":"page","link":"http:\/\/taxisantateresagallura.com\/index.php\/fr\/location-de-vehicule-pour-les-ceremonies\/","title":{"rendered":"Location de v\u00e9hicule pour les c\u00e9r\u00e9monies"},"content":{"rendered":"<h3>Classe et \u00e9l\u00e9gance<\/h3>\n<p style=\"text-align: justify;\">La soci\u00e9te Just Sardinia garantit un service complet et personnalis\u00e9, adapt\u00e9 \u00e0 tous types d\u2019exigences: Mariage, anniversaire, c\u00e9r\u00e9monie, \u00e9v\u00e9nement, congr\u00e8s, inauguration, spot publicitaire, film, transfert et diff\u00e9rents itin\u00e9raires sur toute la Sardaigne.<\/p>\n<p>Le service de base pour les mariages comprend:<\/p>\n<ul>\n<li>Arr\u00eat chez le fleuriste choisi par les mari\u00e9s\u00a0 pour la d\u00e9coration du v\u00e9hicule<\/li>\n<li>Arriv\u00e9e chez la mari\u00e9e \u00e0 l\u2019heure convenue<\/li>\n<li>Transfert de la mari\u00e9e \u00e0 l\u2019endroit o\u00f9 se d\u00e9roule la c\u00e9r\u00e9monie nuptiale<\/li>\n<li>Transfert vers les diff\u00e9rentes localit\u00e9s pour le service photographique<\/li>\n<li>Transfert vers le restaurant<\/li>\n<\/ul>\n<p style=\"text-align: justify;\">Si le client le d\u00e9sire\u00a0 et sur demande, le v\u00e9hicule peut rester \u00e0 disposition pour toute la dur\u00e9e de la journ\u00e9e.<\/p>\n<p style=\"text-align: justify;\">Pour toute autre information sur les prix ou les requ\u00eates particuli\u00e8res sur les \u00a0v\u00e9hicules que vous ne trouvez pas dans notre catalogue, contactez nous sans aucun engagement au +39 0789.754343.<\/p>\n<p style=\"text-align: justify;\">Pour les nostalgiques des ann\u00e9es 50, une splendide petite cal\u00e8che dite <a href=\"\/index.php\/autonoleggio-cerimonie\/calessino-piaggio\/\">\u201cCalessino Piaggio\u201d<\/a> est disponible pour faire un petit tour comme d\u2019antan.<\/p>\n","protected":false},"excerpt":{"rendered":"<p>Classe et \u00e9l\u00e9gance La soci\u00e9te Just Sardinia garantit un service complet et personnalis\u00e9, adapt\u00e9 \u00e0 tous types d\u2019exigences: Mariage, anniversaire, c\u00e9r\u00e9monie, \u00e9v\u00e9nement, congr\u00e8s, inauguration, spot publicitaire, film, transfert et diff\u00e9rents itin\u00e9raires sur toute la Sardaigne. Le service de base pour les mariages comprend: Arr\u00eat chez le fleuriste choisi par les [&hellip;]<\/p>\n","protected":false},"author":118,"featured_media":399,"parent":0,"menu_order":0,"comment_status":"open","ping_status":"open","template":"","meta":[],"yoast_head":"<!-- This site is optimized with the Yoast SEO plugin v17.0 - https:\/\/yoast.com\/wordpress\/plugins\/seo\/ -->\r\n<title>Location de v\u00e9hicule pour les c\u00e9r\u00e9monies - Just Sardinia<\/title>\r\n<meta name=\"robots\" content=\"index, follow, max-snippet:-1, max-image-preview:large, max-video-preview:-1\" \/>\r\n<link rel=\"canonical\" href=\"http:\/\/www.taxisantateresa.it\/index.php\/fr\/location-de-vehicule-pour-les-ceremonies\/\" \/>\r\n<meta property=\"og:locale\" content=\"it_IT\" \/>\r\n<meta property=\"og:type\" content=\"article\" \/>\r\n<meta property=\"og:title\" content=\"Location de v\u00e9hicule pour les c\u00e9r\u00e9monies - Just Sardinia\" \/>\r\n<meta property=\"og:description\" content=\"Classe et \u00e9l\u00e9gance La soci\u00e9te Just Sardinia garantit un service complet et personnalis\u00e9, adapt\u00e9 \u00e0 tous types d\u2019exigences: Mariage, anniversaire, c\u00e9r\u00e9monie, \u00e9v\u00e9nement, congr\u00e8s, inauguration, spot publicitaire, film, transfert et diff\u00e9rents itin\u00e9raires sur toute la Sardaigne. Le service de base pour les mariages comprend: Arr\u00eat chez le fleuriste choisi par les [&hellip;]\" \/>\r\n<meta property=\"og:url\" content=\"http:\/\/www.taxisantateresa.it\/index.php\/fr\/location-de-vehicule-pour-les-ceremonies\/\" \/>\r\n<meta property=\"og:site_name\" content=\"Just Sardinia\" \/>\r\n<meta property=\"article:modified_time\" content=\"2016-06-27T09:02:57+00:00\" \/>\r\n<meta property=\"og:image\" content=\"http:\/\/taxisardegna.net\/wp-content\/uploads\/2016\/03\/cerimonie.jpg\" \/>\r\n\t<meta property=\"og:image:width\" content=\"1024\" \/>\r\n\t<meta property=\"og:image:height\" content=\"160\" \/>\r\n<meta name=\"twitter:card\" content=\"summary_large_image\" \/>\r\n<meta name=\"twitter:label1\" content=\"Tempo di lettura stimato\" \/>\n\t<meta name=\"twitter:data1\" content=\"1 minuto\" \/>\r\n<script type=\"application\/ld+json\" class=\"yoast-schema-graph\">{\"@context\":\"https:\/\/schema.org\",\"@graph\":[{\"@type\":\"WebSite\",\"@id\":\"http:\/\/ncc-taxisantateresagallura.it\/index.php\/ru\/#website\",\"url\":\"http:\/\/ncc-taxisantateresagallura.it\/index.php\/ru\/\",\"name\":\"Just Sardinia\",\"description\":\"...the best way to travel\",\"potentialAction\":[{\"@type\":\"SearchAction\",\"target\":{\"@type\":\"EntryPoint\",\"urlTemplate\":\"http:\/\/ncc-taxisantateresagallura.it\/index.php\/ru\/?s={search_term_string}\"},\"query-input\":\"required name=search_term_string\"}],\"inLanguage\":\"it-IT\"},{\"@type\":\"ImageObject\",\"@id\":\"http:\/\/www.taxisantateresa.it\/index.php\/fr\/location-de-vehicule-pour-les-ceremonies\/#primaryimage\",\"inLanguage\":\"it-IT\",\"url\":\"http:\/\/taxisantateresagallura.com\/wp-content\/uploads\/2016\/03\/cerimonie.jpg\",\"contentUrl\":\"http:\/\/taxisantateresagallura.com\/wp-content\/uploads\/2016\/03\/cerimonie.jpg\",\"width\":1024,\"height\":160},{\"@type\":\"WebPage\",\"@id\":\"http:\/\/www.taxisantateresa.it\/index.php\/fr\/location-de-vehicule-pour-les-ceremonies\/#webpage\",\"url\":\"http:\/\/www.taxisantateresa.it\/index.php\/fr\/location-de-vehicule-pour-les-ceremonies\/\",\"name\":\"Location de v\\u00e9hicule pour les c\\u00e9r\\u00e9monies - Just Sardinia\",\"isPartOf\":{\"@id\":\"http:\/\/ncc-taxisantateresagallura.it\/index.php\/ru\/#website\"},\"primaryImageOfPage\":{\"@id\":\"http:\/\/www.taxisantateresa.it\/index.php\/fr\/location-de-vehicule-pour-les-ceremonies\/#primaryimage\"},\"datePublished\":\"2016-05-20T14:40:11+00:00\",\"dateModified\":\"2016-06-27T09:02:57+00:00\",\"breadcrumb\":{\"@id\":\"http:\/\/www.taxisantateresa.it\/index.php\/fr\/location-de-vehicule-pour-les-ceremonies\/#breadcrumb\"},\"inLanguage\":\"it-IT\",\"potentialAction\":[{\"@type\":\"ReadAction\",\"target\":[\"http:\/\/www.taxisantateresa.it\/index.php\/fr\/location-de-vehicule-pour-les-ceremonies\/\"]}]},{\"@type\":\"BreadcrumbList\",\"@id\":\"http:\/\/www.taxisantateresa.it\/index.php\/fr\/location-de-vehicule-pour-les-ceremonies\/#breadcrumb\",\"itemListElement\":[{\"@type\":\"ListItem\",\"position\":1,\"name\":\"Home\",\"item\":\"http:\/\/ncc-taxisantateresagallura.it\/index.php\/ru\/\"},{\"@type\":\"ListItem\",\"position\":2,\"name\":\"Location de v\\u00e9hicule pour les c\\u00e9r\\u00e9monies\"}]}]}<\/script>\r\n<!-- \/ Yoast SEO plugin. -->","yoast_head_json":{"title":"Location de v\u00e9hicule pour les c\u00e9r\u00e9monies - Just Sardinia","robots":{"index":"index","follow":"follow","max-snippet":"max-snippet:-1","max-image-preview":"max-image-preview:large","max-video-preview":"max-video-preview:-1"},"canonical":"http:\/\/www.taxisantateresa.it\/index.php\/fr\/location-de-vehicule-pour-les-ceremonies\/","og_locale":"it_IT","og_type":"article","og_title":"Location de v\u00e9hicule pour les c\u00e9r\u00e9monies - Just Sardinia","og_description":"Classe et \u00e9l\u00e9gance La soci\u00e9te Just Sardinia garantit un service complet et personnalis\u00e9, adapt\u00e9 \u00e0 tous types d\u2019exigences: Mariage, anniversaire, c\u00e9r\u00e9monie, \u00e9v\u00e9nement, congr\u00e8s, inauguration, spot publicitaire, film, transfert et diff\u00e9rents itin\u00e9raires sur toute la Sardaigne. Le service de base pour les mariages comprend: Arr\u00eat chez le fleuriste choisi par les [&hellip;]","og_url":"http:\/\/www.taxisantateresa.it\/index.php\/fr\/location-de-vehicule-pour-les-ceremonies\/","og_site_name":"Just Sardinia","article_modified_time":"2016-06-27T09:02:57+00:00","og_image":[{"width":1024,"height":160,"url":"http:\/\/taxisardegna.net\/wp-content\/uploads\/2016\/03\/cerimonie.jpg","path":"C:\\inetpub\\wwwroot\\WP_justsardinia\/wp-content\/uploads\/2016\/03\/cerimonie.jpg","size":"full","id":399,"alt":"","pixels":163840,"type":"image\/jpeg"}],"twitter_card":"summary_large_image","twitter_misc":{"Tempo di lettura stimato":"1 minuto"},"schema":{"@context":"https:\/\/schema.org","@graph":[{"@type":"WebSite","@id":"http:\/\/ncc-taxisantateresagallura.it\/index.php\/ru\/#website","url":"http:\/\/ncc-taxisantateresagallura.it\/index.php\/ru\/","name":"Just Sardinia","description":"...the best way to travel","potentialAction":[{"@type":"SearchAction","target":{"@type":"EntryPoint","urlTemplate":"http:\/\/ncc-taxisantateresagallura.it\/index.php\/ru\/?s={search_term_string}"},"query-input":"required name=search_term_string"}],"inLanguage":"it-IT"},{"@type":"ImageObject","@id":"http:\/\/www.taxisantateresa.it\/index.php\/fr\/location-de-vehicule-pour-les-ceremonies\/#primaryimage","inLanguage":"it-IT","url":"http:\/\/taxisantateresagallura.com\/wp-content\/uploads\/2016\/03\/cerimonie.jpg","contentUrl":"http:\/\/taxisantateresagallura.com\/wp-content\/uploads\/2016\/03\/cerimonie.jpg","width":1024,"height":160},{"@type":"WebPage","@id":"http:\/\/www.taxisantateresa.it\/index.php\/fr\/location-de-vehicule-pour-les-ceremonies\/#webpage","url":"http:\/\/www.taxisantateresa.it\/index.php\/fr\/location-de-vehicule-pour-les-ceremonies\/","name":"Location de v\u00e9hicule pour les c\u00e9r\u00e9monies - Just Sardinia","isPartOf":{"@id":"http:\/\/ncc-taxisantateresagallura.it\/index.php\/ru\/#website"},"primaryImageOfPage":{"@id":"http:\/\/www.taxisantateresa.it\/index.php\/fr\/location-de-vehicule-pour-les-ceremonies\/#primaryimage"},"datePublished":"2016-05-20T14:40:11+00:00","dateModified":"2016-06-27T09:02:57+00:00","breadcrumb":{"@id":"http:\/\/www.taxisantateresa.it\/index.php\/fr\/location-de-vehicule-pour-les-ceremonies\/#breadcrumb"},"inLanguage":"it-IT","potentialAction":[{"@type":"ReadAction","target":["http:\/\/www.taxisantateresa.it\/index.php\/fr\/location-de-vehicule-pour-les-ceremonies\/"]}]},{"@type":"BreadcrumbList","@id":"http:\/\/www.taxisantateresa.it\/index.php\/fr\/location-de-vehicule-pour-les-ceremonies\/#breadcrumb","itemListElement":[{"@type":"ListItem","position":1,"name":"Home","item":"http:\/\/ncc-taxisantateresagallura.it\/index.php\/ru\/"},{"@type":"ListItem","position":2,"name":"Location de v\u00e9hicule pour les c\u00e9r\u00e9monies"}]}]}},"_links":{"self":[{"href":"http:\/\/taxisantateresagallura.com\/index.php\/wp-json\/wp\/v2\/pages\/810"}],"collection":[{"href":"http:\/\/taxisantateresagallura.com\/index.php\/wp-json\/wp\/v2\/pages"}],"about":[{"href":"http:\/\/taxisantateresagallura.com\/index.php\/wp-json\/wp\/v2\/types\/page"}],"author":[{"embeddable":true,"href":"http:\/\/taxisantateresagallura.com\/index.php\/wp-json\/wp\/v2\/users\/118"}],"replies":[{"embeddable":true,"href":"http:\/\/taxisantateresagallura.com\/index.php\/wp-json\/wp\/v2\/comments?post=810"}],"version-history":[{"count":3,"href":"http:\/\/taxisantateresagallura.com\/index.php\/wp-json\/wp\/v2\/pages\/810\/revisions"}],"predecessor-version":[{"id":1098,"href":"http:\/\/taxisantateresagallura.com\/index.php\/wp-json\/wp\/v2\/pages\/810\/revisions\/1098"}],"wp:featuredmedia":[{"embeddable":true,"href":"http:\/\/taxisantateresagallura.com\/index.php\/wp-json\/wp\/v2\/media\/399"}],"wp:attachment":[{"href":"http:\/\/taxisantateresagallura.com\/index.php\/wp-json\/wp\/v2\/media?parent=810"}],"curies":[{"name":"wp","href":"https:\/\/api.w.org\/{rel}","templated":true}]}}